{"id":1029,"date":"2021-12-16T13:42:19","date_gmt":"2021-12-16T18:42:19","guid":{"rendered":"https:\/\/www.personetics.com\/br\/?page_id=1029"},"modified":"2022-08-02T03:24:16","modified_gmt":"2022-08-02T07:24:16","slug":"enrich","status":"publish","type":"page","link":"https:\/\/cognitivebanking.io\/fr\/enrich\/","title":{"rendered":"Enrich"},"content":{"rendered":"","protected":false},"excerpt":{"rendered":"","protected":false},"author":3,"featured_media":0,"parent":0,"menu_order":0,"comment_status":"closed","ping_status":"closed","template":"tmpl-enrich.php","meta":{"_acf_changed":false,"inline_featured_image":false,"footnotes":""},"class_list":["post-1029","page","type-page","status-publish","hentry"],"acf":[],"yoast_head":"<!-- This site is optimized with the Yoast SEO plugin v27.1.1 - https:\/\/yoast.com\/product\/yoast-seo-wordpress\/ -->\n<title>Enrich - Personetics<\/title>\n<meta name=\"description\" content=\"Personetics offre une solution bas\u00e9e sur l&#039;IA pour nettoyer, cat\u00e9goriser et enrichir les donn\u00e9es de transaction. Con\u00e7ue pour les institutions financi\u00e8res et les Fintechs pour alimenter l&#039;innovation tout en r\u00e9duisant les co\u00fbts op\u00e9rationnels. Voyez comment l&#039;enrichissement des donn\u00e9es de transaction peut permettre \u00e0 votre institution financi\u00e8re de r\u00e9duire ses co\u00fbts op\u00e9rationnels. Personetics offre une solution bancaire IA pour assainir, cat\u00e9goriser et enrichir les donn\u00e9es de transaction.\" \/>\n<meta name=\"robots\" content=\"index, follow, max-snippet:-1, max-image-preview:large, max-video-preview:-1\" \/>\n<link rel=\"canonical\" href=\"https:\/\/personetics.com\/fr\/enrich\/\" \/>\n<meta property=\"og:locale\" content=\"fr_FR\" \/>\n<meta property=\"og:type\" content=\"article\" \/>\n<meta property=\"og:title\" content=\"Enrich - Personetics\" \/>\n<meta property=\"og:description\" content=\"Personetics offre une solution bas\u00e9e sur l&#039;IA pour nettoyer, cat\u00e9goriser et enrichir les donn\u00e9es de transaction. Con\u00e7ue pour les institutions financi\u00e8res et les Fintechs pour alimenter l&#039;innovation tout en r\u00e9duisant les co\u00fbts op\u00e9rationnels. Voyez comment l&#039;enrichissement des donn\u00e9es de transaction peut permettre \u00e0 votre institution financi\u00e8re de r\u00e9duire ses co\u00fbts op\u00e9rationnels. Personetics offre une solution bancaire IA pour assainir, cat\u00e9goriser et enrichir les donn\u00e9es de transaction.\" \/>\n<meta property=\"og:url\" content=\"https:\/\/personetics.com\/fr\/enrich\/\" \/>\n<meta property=\"og:site_name\" content=\"Personetics\" \/>\n<meta property=\"article:modified_time\" content=\"2022-08-02T07:24:16+00:00\" \/>\n<meta name=\"twitter:card\" content=\"summary_large_image\" \/>\n<script type=\"application\/ld+json\" class=\"yoast-schema-graph\">{\"@context\":\"https:\/\/schema.org\",\"@graph\":[{\"@type\":\"WebPage\",\"@id\":\"https:\/\/personetics.com\/fr\/enrich\/\",\"url\":\"https:\/\/personetics.com\/fr\/enrich\/\",\"name\":\"Enrich - Personetics\",\"isPartOf\":{\"@id\":\"https:\/\/www-us.personetics.com\/fr\/#website\"},\"datePublished\":\"2021-12-16T18:42:19+00:00\",\"dateModified\":\"2022-08-02T07:24:16+00:00\",\"description\":\"Personetics offre une solution bas\u00e9e sur l'IA pour nettoyer, cat\u00e9goriser et enrichir les donn\u00e9es de transaction. Con\u00e7ue pour les institutions financi\u00e8res et les Fintechs pour alimenter l'innovation tout en r\u00e9duisant les co\u00fbts op\u00e9rationnels. Voyez comment l'enrichissement des donn\u00e9es de transaction peut permettre \u00e0 votre institution financi\u00e8re de r\u00e9duire ses co\u00fbts op\u00e9rationnels. Personetics offre une solution bancaire IA pour assainir, cat\u00e9goriser et enrichir les donn\u00e9es de transaction.\",\"breadcrumb\":{\"@id\":\"https:\/\/personetics.com\/fr\/enrich\/#breadcrumb\"},\"inLanguage\":\"fr-FR\",\"potentialAction\":[{\"@type\":\"ReadAction\",\"target\":[\"https:\/\/personetics.com\/fr\/enrich\/\"]}]},{\"@type\":\"BreadcrumbList\",\"@id\":\"https:\/\/personetics.com\/fr\/enrich\/#breadcrumb\",\"itemListElement\":[{\"@type\":\"ListItem\",\"position\":1,\"name\":\"Home\",\"item\":\"https:\/\/www-us.personetics.com\/fr\/\"},{\"@type\":\"ListItem\",\"position\":2,\"name\":\"Enrich\"}]},{\"@type\":\"WebSite\",\"@id\":\"https:\/\/www-us.personetics.com\/fr\/#website\",\"url\":\"https:\/\/www-us.personetics.com\/fr\/\",\"name\":\"Personetics\",\"description\":\"Just another WordPress site\",\"potentialAction\":[{\"@type\":\"SearchAction\",\"target\":{\"@type\":\"EntryPoint\",\"urlTemplate\":\"https:\/\/www-us.personetics.com\/fr\/?s={search_term_string}\"},\"query-input\":{\"@type\":\"PropertyValueSpecification\",\"valueRequired\":true,\"valueName\":\"search_term_string\"}}],\"inLanguage\":\"fr-FR\"}]}<\/script>\n<!-- \/ Yoast SEO plugin. -->","yoast_head_json":{"title":"Enrich - Personetics","description":"Personetics offre une solution bas\u00e9e sur l'IA pour nettoyer, cat\u00e9goriser et enrichir les donn\u00e9es de transaction. Con\u00e7ue pour les institutions financi\u00e8res et les Fintechs pour alimenter l'innovation tout en r\u00e9duisant les co\u00fbts op\u00e9rationnels. Voyez comment l'enrichissement des donn\u00e9es de transaction peut permettre \u00e0 votre institution financi\u00e8re de r\u00e9duire ses co\u00fbts op\u00e9rationnels. Personetics offre une solution bancaire IA pour assainir, cat\u00e9goriser et enrichir les donn\u00e9es de transaction.","robots":{"index":"index","follow":"follow","max-snippet":"max-snippet:-1","max-image-preview":"max-image-preview:large","max-video-preview":"max-video-preview:-1"},"canonical":"https:\/\/personetics.com\/fr\/enrich\/","og_locale":"fr_FR","og_type":"article","og_title":"Enrich - Personetics","og_description":"Personetics offre une solution bas\u00e9e sur l'IA pour nettoyer, cat\u00e9goriser et enrichir les donn\u00e9es de transaction. Con\u00e7ue pour les institutions financi\u00e8res et les Fintechs pour alimenter l'innovation tout en r\u00e9duisant les co\u00fbts op\u00e9rationnels. Voyez comment l'enrichissement des donn\u00e9es de transaction peut permettre \u00e0 votre institution financi\u00e8re de r\u00e9duire ses co\u00fbts op\u00e9rationnels. Personetics offre une solution bancaire IA pour assainir, cat\u00e9goriser et enrichir les donn\u00e9es de transaction.","og_url":"https:\/\/personetics.com\/fr\/enrich\/","og_site_name":"Personetics","article_modified_time":"2022-08-02T07:24:16+00:00","twitter_card":"summary_large_image","schema":{"@context":"https:\/\/schema.org","@graph":[{"@type":"WebPage","@id":"https:\/\/personetics.com\/fr\/enrich\/","url":"https:\/\/personetics.com\/fr\/enrich\/","name":"Enrich - Personetics","isPartOf":{"@id":"https:\/\/www-us.personetics.com\/fr\/#website"},"datePublished":"2021-12-16T18:42:19+00:00","dateModified":"2022-08-02T07:24:16+00:00","description":"Personetics offre une solution bas\u00e9e sur l'IA pour nettoyer, cat\u00e9goriser et enrichir les donn\u00e9es de transaction. Con\u00e7ue pour les institutions financi\u00e8res et les Fintechs pour alimenter l'innovation tout en r\u00e9duisant les co\u00fbts op\u00e9rationnels. Voyez comment l'enrichissement des donn\u00e9es de transaction peut permettre \u00e0 votre institution financi\u00e8re de r\u00e9duire ses co\u00fbts op\u00e9rationnels. Personetics offre une solution bancaire IA pour assainir, cat\u00e9goriser et enrichir les donn\u00e9es de transaction.","breadcrumb":{"@id":"https:\/\/personetics.com\/fr\/enrich\/#breadcrumb"},"inLanguage":"fr-FR","potentialAction":[{"@type":"ReadAction","target":["https:\/\/personetics.com\/fr\/enrich\/"]}]},{"@type":"BreadcrumbList","@id":"https:\/\/personetics.com\/fr\/enrich\/#breadcrumb","itemListElement":[{"@type":"ListItem","position":1,"name":"Home","item":"https:\/\/www-us.personetics.com\/fr\/"},{"@type":"ListItem","position":2,"name":"Enrich"}]},{"@type":"WebSite","@id":"https:\/\/www-us.personetics.com\/fr\/#website","url":"https:\/\/www-us.personetics.com\/fr\/","name":"Personetics","description":"Just another WordPress site","potentialAction":[{"@type":"SearchAction","target":{"@type":"EntryPoint","urlTemplate":"https:\/\/www-us.personetics.com\/fr\/?s={search_term_string}"},"query-input":{"@type":"PropertyValueSpecification","valueRequired":true,"valueName":"search_term_string"}}],"inLanguage":"fr-FR"}]}},"_links":{"self":[{"href":"https:\/\/cognitivebanking.io\/fr\/wp-json\/wp\/v2\/pages\/1029","targetHints":{"allow":["GET"]}}],"collection":[{"href":"https:\/\/cognitivebanking.io\/fr\/wp-json\/wp\/v2\/pages"}],"about":[{"href":"https:\/\/cognitivebanking.io\/fr\/wp-json\/wp\/v2\/types\/page"}],"author":[{"embeddable":true,"href":"https:\/\/cognitivebanking.io\/fr\/wp-json\/wp\/v2\/users\/3"}],"replies":[{"embeddable":true,"href":"https:\/\/cognitivebanking.io\/fr\/wp-json\/wp\/v2\/comments?post=1029"}],"version-history":[{"count":5,"href":"https:\/\/cognitivebanking.io\/fr\/wp-json\/wp\/v2\/pages\/1029\/revisions"}],"predecessor-version":[{"id":1321,"href":"https:\/\/cognitivebanking.io\/fr\/wp-json\/wp\/v2\/pages\/1029\/revisions\/1321"}],"wp:attachment":[{"href":"https:\/\/cognitivebanking.io\/fr\/wp-json\/wp\/v2\/media?parent=1029"}],"curies":[{"name":"wp","href":"https:\/\/api.w.org\/{rel}","templated":true}]}}