{"id":1286,"date":"2022-04-10T05:15:19","date_gmt":"2022-04-10T09:15:19","guid":{"rendered":"https:\/\/personetics.com\/fr\/?page_id=1286"},"modified":"2022-08-02T03:23:27","modified_gmt":"2022-08-02T07:23:27","slug":"carbon-footprint","status":"publish","type":"page","link":"https:\/\/cognitivebanking.io\/fr\/carbon-footprint\/","title":{"rendered":"Carbon Footprint"},"content":{"rendered":"","protected":false},"excerpt":{"rendered":"","protected":false},"author":3,"featured_media":0,"parent":0,"menu_order":0,"comment_status":"closed","ping_status":"closed","template":"tmpl-carbon-footprint.php","meta":{"_acf_changed":false,"inline_featured_image":false,"footnotes":""},"class_list":["post-1286","page","type-page","status-publish","hentry"],"acf":[],"yoast_head":"<!-- This site is optimized with the Yoast SEO plugin v27.1.1 - https:\/\/yoast.com\/product\/yoast-seo-wordpress\/ -->\n<title>Sustainability Insights - R\u00e9duire l&#039;empreinte carbone dans le secteur bancaire | Personetics.com<\/title>\n<meta name=\"description\" content=\"La solution Sustainability Insights de Personetics aide les banques \u00e0 montrer aux clients comment r\u00e9duire leur empreinte carbone gr\u00e2ce \u00e0 des choix de d\u00e9penses plus \u00e9cologiques et \u00e0 des objectifs financiers adapt\u00e9s au climat. Les donn\u00e9es relatives aux transactions des clients montrent l&#039;impact des \u00e9missions de carbone et permettent aux clients de r\u00e9duire leur empreinte carbone.\" \/>\n<meta name=\"robots\" content=\"index, follow, max-snippet:-1, max-image-preview:large, max-video-preview:-1\" \/>\n<link rel=\"canonical\" href=\"https:\/\/www.cognitivebanking.io\/fr\/carbon-footprint\/\" \/>\n<meta property=\"og:locale\" content=\"fr_FR\" \/>\n<meta property=\"og:type\" content=\"article\" \/>\n<meta property=\"og:title\" content=\"Sustainability Insights - R\u00e9duire l&#039;empreinte carbone dans le secteur bancaire | Personetics.com\" \/>\n<meta property=\"og:description\" content=\"La solution Sustainability Insights de Personetics aide les banques \u00e0 montrer aux clients comment r\u00e9duire leur empreinte carbone gr\u00e2ce \u00e0 des choix de d\u00e9penses plus \u00e9cologiques et \u00e0 des objectifs financiers adapt\u00e9s au climat. Les donn\u00e9es relatives aux transactions des clients montrent l&#039;impact des \u00e9missions de carbone et permettent aux clients de r\u00e9duire leur empreinte carbone.\" \/>\n<meta property=\"og:url\" content=\"https:\/\/www.cognitivebanking.io\/fr\/carbon-footprint\/\" \/>\n<meta property=\"og:site_name\" content=\"Personetics\" \/>\n<meta property=\"article:modified_time\" content=\"2022-08-02T07:23:27+00:00\" \/>\n<meta name=\"twitter:card\" content=\"summary_large_image\" \/>\n<script type=\"application\/ld+json\" class=\"yoast-schema-graph\">{\"@context\":\"https:\/\/schema.org\",\"@graph\":[{\"@type\":\"WebPage\",\"@id\":\"https:\/\/www.cognitivebanking.io\/fr\/carbon-footprint\/\",\"url\":\"https:\/\/www.cognitivebanking.io\/fr\/carbon-footprint\/\",\"name\":\"Sustainability Insights - R\u00e9duire l'empreinte carbone dans le secteur bancaire | Personetics.com\",\"isPartOf\":{\"@id\":\"https:\/\/www-us.personetics.com\/fr\/#website\"},\"datePublished\":\"2022-04-10T09:15:19+00:00\",\"dateModified\":\"2022-08-02T07:23:27+00:00\",\"description\":\"La solution Sustainability Insights de Personetics aide les banques \u00e0 montrer aux clients comment r\u00e9duire leur empreinte carbone gr\u00e2ce \u00e0 des choix de d\u00e9penses plus \u00e9cologiques et \u00e0 des objectifs financiers adapt\u00e9s au climat. Les donn\u00e9es relatives aux transactions des clients montrent l'impact des \u00e9missions de carbone et permettent aux clients de r\u00e9duire leur empreinte carbone.\",\"breadcrumb\":{\"@id\":\"https:\/\/www.cognitivebanking.io\/fr\/carbon-footprint\/#breadcrumb\"},\"inLanguage\":\"fr-FR\",\"potentialAction\":[{\"@type\":\"ReadAction\",\"target\":[\"https:\/\/www.cognitivebanking.io\/fr\/carbon-footprint\/\"]}]},{\"@type\":\"BreadcrumbList\",\"@id\":\"https:\/\/www.cognitivebanking.io\/fr\/carbon-footprint\/#breadcrumb\",\"itemListElement\":[{\"@type\":\"ListItem\",\"position\":1,\"name\":\"Home\",\"item\":\"https:\/\/www-us.personetics.com\/fr\/\"},{\"@type\":\"ListItem\",\"position\":2,\"name\":\"Carbon Footprint\"}]},{\"@type\":\"WebSite\",\"@id\":\"https:\/\/www-us.personetics.com\/fr\/#website\",\"url\":\"https:\/\/www-us.personetics.com\/fr\/\",\"name\":\"Personetics\",\"description\":\"Just another WordPress site\",\"potentialAction\":[{\"@type\":\"SearchAction\",\"target\":{\"@type\":\"EntryPoint\",\"urlTemplate\":\"https:\/\/www-us.personetics.com\/fr\/?s={search_term_string}\"},\"query-input\":{\"@type\":\"PropertyValueSpecification\",\"valueRequired\":true,\"valueName\":\"search_term_string\"}}],\"inLanguage\":\"fr-FR\"}]}<\/script>\n<!-- \/ Yoast SEO plugin. -->","yoast_head_json":{"title":"Sustainability Insights - R\u00e9duire l'empreinte carbone dans le secteur bancaire | Personetics.com","description":"La solution Sustainability Insights de Personetics aide les banques \u00e0 montrer aux clients comment r\u00e9duire leur empreinte carbone gr\u00e2ce \u00e0 des choix de d\u00e9penses plus \u00e9cologiques et \u00e0 des objectifs financiers adapt\u00e9s au climat. Les donn\u00e9es relatives aux transactions des clients montrent l'impact des \u00e9missions de carbone et permettent aux clients de r\u00e9duire leur empreinte carbone.","robots":{"index":"index","follow":"follow","max-snippet":"max-snippet:-1","max-image-preview":"max-image-preview:large","max-video-preview":"max-video-preview:-1"},"canonical":"https:\/\/www.cognitivebanking.io\/fr\/carbon-footprint\/","og_locale":"fr_FR","og_type":"article","og_title":"Sustainability Insights - R\u00e9duire l'empreinte carbone dans le secteur bancaire | Personetics.com","og_description":"La solution Sustainability Insights de Personetics aide les banques \u00e0 montrer aux clients comment r\u00e9duire leur empreinte carbone gr\u00e2ce \u00e0 des choix de d\u00e9penses plus \u00e9cologiques et \u00e0 des objectifs financiers adapt\u00e9s au climat. Les donn\u00e9es relatives aux transactions des clients montrent l'impact des \u00e9missions de carbone et permettent aux clients de r\u00e9duire leur empreinte carbone.","og_url":"https:\/\/www.cognitivebanking.io\/fr\/carbon-footprint\/","og_site_name":"Personetics","article_modified_time":"2022-08-02T07:23:27+00:00","twitter_card":"summary_large_image","schema":{"@context":"https:\/\/schema.org","@graph":[{"@type":"WebPage","@id":"https:\/\/www.cognitivebanking.io\/fr\/carbon-footprint\/","url":"https:\/\/www.cognitivebanking.io\/fr\/carbon-footprint\/","name":"Sustainability Insights - R\u00e9duire l'empreinte carbone dans le secteur bancaire | Personetics.com","isPartOf":{"@id":"https:\/\/www-us.personetics.com\/fr\/#website"},"datePublished":"2022-04-10T09:15:19+00:00","dateModified":"2022-08-02T07:23:27+00:00","description":"La solution Sustainability Insights de Personetics aide les banques \u00e0 montrer aux clients comment r\u00e9duire leur empreinte carbone gr\u00e2ce \u00e0 des choix de d\u00e9penses plus \u00e9cologiques et \u00e0 des objectifs financiers adapt\u00e9s au climat. Les donn\u00e9es relatives aux transactions des clients montrent l'impact des \u00e9missions de carbone et permettent aux clients de r\u00e9duire leur empreinte carbone.","breadcrumb":{"@id":"https:\/\/www.cognitivebanking.io\/fr\/carbon-footprint\/#breadcrumb"},"inLanguage":"fr-FR","potentialAction":[{"@type":"ReadAction","target":["https:\/\/www.cognitivebanking.io\/fr\/carbon-footprint\/"]}]},{"@type":"BreadcrumbList","@id":"https:\/\/www.cognitivebanking.io\/fr\/carbon-footprint\/#breadcrumb","itemListElement":[{"@type":"ListItem","position":1,"name":"Home","item":"https:\/\/www-us.personetics.com\/fr\/"},{"@type":"ListItem","position":2,"name":"Carbon Footprint"}]},{"@type":"WebSite","@id":"https:\/\/www-us.personetics.com\/fr\/#website","url":"https:\/\/www-us.personetics.com\/fr\/","name":"Personetics","description":"Just another WordPress site","potentialAction":[{"@type":"SearchAction","target":{"@type":"EntryPoint","urlTemplate":"https:\/\/www-us.personetics.com\/fr\/?s={search_term_string}"},"query-input":{"@type":"PropertyValueSpecification","valueRequired":true,"valueName":"search_term_string"}}],"inLanguage":"fr-FR"}]}},"_links":{"self":[{"href":"https:\/\/cognitivebanking.io\/fr\/wp-json\/wp\/v2\/pages\/1286","targetHints":{"allow":["GET"]}}],"collection":[{"href":"https:\/\/cognitivebanking.io\/fr\/wp-json\/wp\/v2\/pages"}],"about":[{"href":"https:\/\/cognitivebanking.io\/fr\/wp-json\/wp\/v2\/types\/page"}],"author":[{"embeddable":true,"href":"https:\/\/cognitivebanking.io\/fr\/wp-json\/wp\/v2\/users\/3"}],"replies":[{"embeddable":true,"href":"https:\/\/cognitivebanking.io\/fr\/wp-json\/wp\/v2\/comments?post=1286"}],"version-history":[{"count":5,"href":"https:\/\/cognitivebanking.io\/fr\/wp-json\/wp\/v2\/pages\/1286\/revisions"}],"predecessor-version":[{"id":1348,"href":"https:\/\/cognitivebanking.io\/fr\/wp-json\/wp\/v2\/pages\/1286\/revisions\/1348"}],"wp:attachment":[{"href":"https:\/\/cognitivebanking.io\/fr\/wp-json\/wp\/v2\/media?parent=1286"}],"curies":[{"name":"wp","href":"https:\/\/api.w.org\/{rel}","templated":true}]}}